{"id":6957,"date":"2021-03-09T07:12:56","date_gmt":"2021-03-09T07:12:56","guid":{"rendered":"https:\/\/alfanouseg.com\/contact\/"},"modified":"2025-08-31T06:28:21","modified_gmt":"2025-08-31T06:28:21","slug":"contact","status":"publish","type":"page","link":"https:\/\/alfanouseg.com\/fr\/contact\/","title":{"rendered":"Contact"},"content":{"rendered":"<div data-elementor-type=\"wp-page\" data-elementor-id=\"6957\" class=\"elementor elementor-6957\" data-elementor-post-type=\"page\">\n\t\t\t\t<div class=\"aux-parallax-section elementor-element elementor-element-b140277 e-con-full e-flex e-con e-parent\" data-id=\"b140277\" data-element_type=\"container\" data-e-type=\"container\">\n\t\t<div class=\"elementor-element elementor-element-cc9ed69 e-con-full e-flex e-con e-child\" data-id=\"cc9ed69\" data-element_type=\"container\" data-e-type=\"container\">\n\t\t\t\t<div class=\"elementor-element elementor-element-afdecba aux-appear-watch-animation aux-fade-in-down elementor-widget elementor-widget-aux_modern_heading\" data-id=\"afdecba\" data-element_type=\"widget\" data-e-type=\"widget\" data-widget_type=\"aux_modern_heading.default\">\n\t\t\t\t<div class=\"elementor-widget-container\">\n\t\t\t\t\t<section class=\"aux-widget-modern-heading\">\n            <div class=\"aux-widget-inner\"><h1 class=\"aux-modern-heading-primary\">Contactez la lanterne <\/h1><h3 class=\"aux-modern-heading-secondary\"><span class=\"aux-head-highlight\">Nous sommes heureux de r\u00e9pondre \u00e0 votre question<\/span><\/h3><\/div>\n        <\/section>\t\t\t\t<\/div>\n\t\t\t\t<\/div>\n\t\t\t\t<div class=\"elementor-element elementor-element-2f915cc aux-appear-watch-animation aux-fade-in-up elementor-widget elementor-widget-aux_contact_form\" data-id=\"2f915cc\" data-element_type=\"widget\" data-e-type=\"widget\" data-widget_type=\"aux_contact_form.default\">\n\t\t\t\t<div class=\"elementor-widget-container\">\n\t\t\t\t\t<section class=\"widget-container aux-widget-contact-form aux-parent-auffb9f97e\">            <div class=\"aux-col-wrapper aux-no-gutter\">\n            <!-- @TODO - The output for element here -->\n\n            \n<div class=\"wpcf7 no-js\" id=\"wpcf7-f6940-o1\" lang=\"en-US\" dir=\"ltr\" data-wpcf7-id=\"6940\">\n<div class=\"screen-reader-response\"><p role=\"status\" aria-live=\"polite\" aria-atomic=\"true\"><\/p> <ul><\/ul><\/div>\n<form action=\"\/fr\/wp-json\/wp\/v2\/pages\/6957#wpcf7-f6940-o1\" method=\"post\" class=\"wpcf7-form init\" aria-label=\"Formulaire de contact\" novalidate=\"novalidate\" data-status=\"init\" data-trp-original-action=\"\/fr\/wp-json\/wp\/v2\/pages\/6957#wpcf7-f6940-o1\">\n<fieldset class=\"hidden-fields-container\"><input type=\"hidden\" name=\"_wpcf7\" value=\"6940\" \/><input type=\"hidden\" name=\"_wpcf7_version\" value=\"6.1.5\" \/><input type=\"hidden\" name=\"_wpcf7_locale\" value=\"en_US\" \/><input type=\"hidden\" name=\"_wpcf7_unit_tag\" value=\"wpcf7-f6940-o1\" \/><input type=\"hidden\" name=\"_wpcf7_container_post\" value=\"0\" \/><input type=\"hidden\" name=\"_wpcf7_posted_data_hash\" value=\"\" \/>\n<\/fieldset>\n<div class=\"aux-nextto\">\n<span class=\"wpcf7-form-control-wrap\" data-name=\"text-663\"><input size=\"40\" maxlength=\"400\" class=\"wpcf7-form-control wpcf7-text wpcf7-validates-as-required\" aria-required=\"true\" aria-invalid=\"false\" placeholder=\"Votre nom *\" value=\"\" type=\"text\" name=\"text-663\" \/><\/span>\n<span class=\"wpcf7-form-control-wrap\" data-name=\"email-109\"><input size=\"40\" maxlength=\"400\" class=\"wpcf7-form-control wpcf7-email wpcf7-validates-as-required wpcf7-text wpcf7-validates-as-email\" aria-required=\"true\" aria-invalid=\"false\" placeholder=\"Votre adresse e-mail *\" value=\"\" type=\"email\" name=\"email-109\" \/><\/span>\n<\/div>\n<span class=\"wpcf7-form-control-wrap\" data-name=\"textarea-340\"><textarea cols=\"40\" rows=\"10\" maxlength=\"2000\" class=\"wpcf7-form-control wpcf7-textarea wpcf7-validates-as-required\" aria-required=\"true\" aria-invalid=\"false\" placeholder=\"Question *\" name=\"textarea-340\"><\/textarea><\/span>\n<input class=\"wpcf7-form-control wpcf7-submit has-spinner\" type=\"submit\" value=\"Envoyer un message\" \/><div class=\"wpcf7-response-output\" aria-hidden=\"true\"><\/div>\n<input type=\"hidden\" name=\"trp-form-language\" value=\"fr\"\/><\/form>\n<\/div>\n\n\n            <\/div><!-- aux-col-wrapper -->\n    <\/section><!-- widget-container -->\t\t\t\t<\/div>\n\t\t\t\t<\/div>\n\t\t\t\t<\/div>\n\t\t\t\t<div class=\"elementor-element elementor-element-62ffd4c elementor-widget elementor-widget-aux_divider\" data-id=\"62ffd4c\" data-element_type=\"widget\" data-e-type=\"widget\" data-widget_type=\"aux_divider.default\">\n\t\t\t\t<div class=\"elementor-widget-container\">\n\t\t\t\t\t<hr class=\"aux-divider-symbolic-circle aux-divider-medium aux-divider-align-center aux-symbol-align-center\" >\t\t\t\t<\/div>\n\t\t\t\t<\/div>\n\t\t<div class=\"elementor-element elementor-element-64f13f7 e-con-full e-flex e-con e-child\" data-id=\"64f13f7\" data-element_type=\"container\" data-e-type=\"container\">\n\t\t\t\t<div class=\"elementor-element elementor-element-27a3a83 elementor-widget elementor-widget-html\" data-id=\"27a3a83\" data-element_type=\"widget\" data-e-type=\"widget\" data-widget_type=\"html.default\">\n\t\t\t\t<div class=\"elementor-widget-container\">\n\t\t\t\t\t<div class=\"map-container\">\r\n  <iframe \r\n    src=\"https:\/\/maps.google.com\/maps?q=Street%20Al%20Masane3%2C%20Damietta%2C%20Egypt&t=m&z=16&output=embed&iwloc=near\" \r\n    title=\"Al Masane Street3, Damiette, \u00c9gypte\" \r\n    aria-label=\"Al Masane Street3, Damiette, \u00c9gypte\">\r\n  <\/iframe>\r\n  <div class=\"map-pin\"><\/div>\r\n<\/div>\r\n\r\n<style>\r\n\/* \u0627\u0644\u062e\u0631\u064a\u0637\u0629 *\/\r\n.map-container {\r\n  position: relative;\r\n  width: 100%;\r\n  max-width: 800px;\r\n  height: 400px;\r\n  border-radius: 20px;\r\n  overflow: hidden;\r\n  box-shadow: 0 0 20px rgba(255, 215, 0, 0.5); \/* Glow \u062d\u0648\u0644 \u0627\u0644\u062e\u0631\u064a\u0637\u0629 *\/\r\n  animation: glow-map 3s infinite alternate;\r\n  margin: auto;\r\n}\r\n\r\n.map-container iframe {\r\n  width: 100%;\r\n  height: 100%;\r\n  border: none;\r\n}\r\n\r\n\/* \u0627\u0644\u062f\u0628\u0648\u0633 *\/\r\n.map-pin {\r\n  position: absolute;\r\n  top: 50%;\r\n  left: 50%;\r\n  width: 30px;\r\n  height: 30px;\r\n  background: gold;\r\n  border: 3px solid white;\r\n  border-radius: 50% 50% 50% 0;\r\n  transform: translate(-50%, -100%) rotate(-45deg);\r\n  animation: bounce 1.5s infinite ease-in-out;\r\n  box-shadow: 0 0 15px rgba(255, 215, 0, 0.8);\r\n}\r\n\r\n\/* \u0646\u0628\u0636 \u062d\u0648\u0627\u0644\u064a\u0646 \u0627\u0644\u062f\u0628\u0648\u0633 *\/\r\n.map-pin::after {\r\n  content: \"\";\r\n  position: absolute;\r\n  top: 50%;\r\n  left: 50%;\r\n  width: 50px;\r\n  height: 50px;\r\n  background: rgba(255, 215, 0, 0.3);\r\n  border-radius: 50%;\r\n  transform: translate(-50%, -50%);\r\n  animation: pulse 2s infinite;\r\n}\r\n\r\n\/* Animation \u0644\u0644\u0628\u0646 *\/\r\n@keyframes bounce {\r\n  0%, 100% { transform: translate(-50%, -100%) rotate(-45deg); }\r\n  50% { transform: translate(-50%, -110%) rotate(-45deg); }\r\n}\r\n\r\n\/* \u0646\u0628\u0636 \u062d\u0648\u0627\u0644\u064a\u0646 \u0627\u0644\u062f\u0628\u0648\u0633 *\/\r\n@keyframes pulse {\r\n  0% { transform: translate(-50%, -50%) scale(0.8); opacity: 1; }\r\n  100% { transform: translate(-50%, -50%) scale(1.5); opacity: 0; }\r\n}\r\n\r\n\/* Glow \u0644\u0644\u062e\u0631\u064a\u0637\u0629 *\/\r\n@keyframes glow-map {\r\n  0% { box-shadow: 0 0 20px rgba(255, 215, 0, 0.5); }\r\n  100% { box-shadow: 0 0 40px rgba(255, 215, 0, 1); }\r\n}\r\n<\/style>\r\n\t\t\t\t<\/div>\n\t\t\t\t<\/div>\n\t\t\t\t<\/div>\n\t\t\t\t<\/div>\n\t\t<div class=\"aux-parallax-section elementor-element elementor-element-c2a29f7 e-flex e-con-boxed e-con e-parent\" data-id=\"c2a29f7\" data-element_type=\"container\" data-e-type=\"container\">\n\t\t\t\t\t<div class=\"e-con-inner\">\n\t\t<div class=\"elementor-element elementor-element-60a62d7 e-con-full e-flex e-con e-child\" data-id=\"60a62d7\" data-element_type=\"container\" data-e-type=\"container\">\n\t\t\t\t<div class=\"elementor-element elementor-element-28a4a31 aux-appear-watch-animation aux-fade-in-right elementor-widget elementor-widget-aux_text\" data-id=\"28a4a31\" data-element_type=\"widget\" data-e-type=\"widget\" data-widget_type=\"aux_text.default\">\n\t\t\t\t<div class=\"elementor-widget-container\">\n\t\t\t\t\t<section class=\"widget-container aux-widget-text aux-parent-au9bec6b4c\">        <div class=\"aux-widget-advanced-text aux-wrap-style-simple aux-ico-pos-right aux-text-left aux-text-resp- aux-text-color-dark aux-text-widget-bg-center\" >\n        \n                            <div class=\"aux-text-widget-header\"  >\n                        <div class=\"aux-ico-box aux-ico-large aux-ico-clear\">\n                                                                <svg xmlns=\"http:\/\/www.w3.org\/2000\/svg\" width=\"26.549\" height=\"33.276\" viewbox=\"0 0 26.549 33.276\"><path d=\"M62.1.008A13.279,13.279,0,0,0,49.54,15.8h0s.02.143.089.416a13.306,13.306,0,0,0,.894,2.634C51.852,22,54.93,27.272,61.834,33.01a1.153,1.153,0,0,0,1.474,0c6.9-5.731,9.982-11.005,11.319-14.171a12.742,12.742,0,0,0,.894-2.634c.061-.266.089-.416.089-.416h0A13.282,13.282,0,0,0,62.1.008Zm.471,19.868a6.448,6.448,0,1,1,6.448-6.448A6.447,6.447,0,0,1,62.571,19.876Z\" transform=\"translate(-49.299 0)\" fill=\"var(--e-global-color-secondary)\" \/><\/svg>                                                    <\/div>\n                <\/div>\n            \n            <div class=\"aux-text-inner aux-text-widget-content\">\n                                <h4 class=\"col-title\">l&#039;adresse<\/h4>\n                                <div class=\"widget-content\">\n                                        <p>Nouvelle Damiette sur la route c\u00f4ti\u00e8re internationale<\/p>                <\/div>\n                            <\/div>\n        <\/div>\n                    <div class=\"aux-text-widget-footer\">\n                <div class=\"aux-border-shape-none\">\n                                <\/div>\n            <\/div>\n        \n<\/section><!-- widget-container -->\t\t\t\t<\/div>\n\t\t\t\t<\/div>\n\t\t\t\t<\/div>\n\t\t<div class=\"elementor-element elementor-element-eeec354 e-con-full e-flex e-con e-child\" data-id=\"eeec354\" data-element_type=\"container\" data-e-type=\"container\">\n\t\t\t\t<div class=\"elementor-element elementor-element-4f337d1 aux-appear-watch-animation aux-fade-in-right elementor-widget elementor-widget-aux_text\" data-id=\"4f337d1\" data-element_type=\"widget\" data-e-type=\"widget\" data-widget_type=\"aux_text.default\">\n\t\t\t\t<div class=\"elementor-widget-container\">\n\t\t\t\t\t<section class=\"widget-container aux-widget-text aux-parent-au37b2f166\">        <div class=\"aux-widget-advanced-text aux-wrap-style-simple aux-ico-pos-right aux-text-left aux-text-resp- aux-text-color-dark aux-text-widget-bg-center\" >\n        \n                            <div class=\"aux-text-widget-header\"  >\n                        <div class=\"aux-ico-box aux-ico-large aux-ico-clear\">\n                                                                <svg xmlns=\"http:\/\/www.w3.org\/2000\/svg\" width=\"33.047\" height=\"20.992\" viewbox=\"0 0 33.047 20.992\"><path d=\"M3.172,61.291q.627.358,3.78,2.125t4.832,2.721q.184.1.784.455t1,.567q.4.216.959.484a6.248,6.248,0,0,0,1.06.4,3.549,3.549,0,0,0,.922.134h.037a3.552,3.552,0,0,0,.922-.134,6.254,6.254,0,0,0,1.06-.4q.562-.269.959-.484t1-.567q.6-.351.784-.455,1.7-.954,8.631-4.846a8.118,8.118,0,0,0,2.25-1.834,3.453,3.453,0,0,0,.9-2.251,2.1,2.1,0,0,0-.876-1.685,3.22,3.22,0,0,0-2.075-.7H2.951A2.935,2.935,0,0,0,.765,55.6,2.648,2.648,0,0,0,0,57.533a3.142,3.142,0,0,0,1.014,2.035A8.556,8.556,0,0,0,3.172,61.291Z\" transform=\"translate(0 -54.82)\" fill=\"var(--e-global-color-secondary)\" \/><path d=\"M31.2,185.734q-6.048,3.31-9.184,5.144-1.051.626-1.706.976a11.636,11.636,0,0,1-1.743.716,6.388,6.388,0,0,1-2.028.365h-.037a6.391,6.391,0,0,1-2.029-.365,11.642,11.642,0,0,1-1.743-.716q-.654-.35-1.706-.976-2.49-1.476-9.165-5.144A9.5,9.5,0,0,1,0,184.437v11.837a2.1,2.1,0,0,0,.867,1.685,3.21,3.21,0,0,0,2.084.7H30.1a3.21,3.21,0,0,0,2.084-.7,2.1,2.1,0,0,0,.867-1.685V184.437A9.863,9.863,0,0,1,31.2,185.734Z\" transform=\"translate(0 -177.668)\" fill=\"var(--e-global-color-secondary)\" \/><\/svg>                                                    <\/div>\n                <\/div>\n            \n            <div class=\"aux-text-inner aux-text-widget-content\">\n                                <h4 class=\"col-title\">e-mail<\/h4>\n                                <div class=\"widget-content\">\n                                        <p>Info@alfanouseg.com<\/p>                <\/div>\n                            <\/div>\n        <\/div>\n                    <div class=\"aux-text-widget-footer\">\n                <div class=\"aux-border-shape-none\">\n                                <\/div>\n            <\/div>\n        \n<\/section><!-- widget-container -->\t\t\t\t<\/div>\n\t\t\t\t<\/div>\n\t\t\t\t<\/div>\n\t\t<div class=\"elementor-element elementor-element-f095c8a e-con-full e-flex e-con e-child\" data-id=\"f095c8a\" data-element_type=\"container\" data-e-type=\"container\">\n\t\t\t\t<div class=\"elementor-element elementor-element-d6615cd aux-appear-watch-animation aux-fade-in-right elementor-widget elementor-widget-aux_text\" data-id=\"d6615cd\" data-element_type=\"widget\" data-e-type=\"widget\" data-widget_type=\"aux_text.default\">\n\t\t\t\t<div class=\"elementor-widget-container\">\n\t\t\t\t\t<section class=\"widget-container aux-widget-text aux-parent-au39c1755e\">        <div class=\"aux-widget-advanced-text aux-wrap-style-simple aux-ico-pos-right aux-text-left aux-text-resp- aux-text-color-dark aux-text-widget-bg-center\" >\n        \n                            <div class=\"aux-text-widget-header\"  >\n                        <div class=\"aux-ico-box aux-ico-large aux-ico-clear\">\n                                                                <svg xmlns=\"http:\/\/www.w3.org\/2000\/svg\" width=\"31.999\" height=\"31.999\" viewbox=\"0 0 31.999 31.999\"><path d=\"M359.865,66.154l-8.084-8.084,1.034-1.034a3.057,3.057,0,0,1,4.324,0L360.9,60.8a3.057,3.057,0,0,1,0,4.324Zm0,0\" transform=\"translate(-329.795 -37.664)\" fill=\"var(--e-global-color-secondary)\" \/><path d=\"M56.137,353.711l1.034-1.034a3.057,3.057,0,0,1,4.324,0l3.761,3.761a3.061,3.061,0,0,1,0,4.324l-1.034,1.034Zm0,0\" transform=\"translate(-52.628 -351.781)\" fill=\"var(--e-global-color-secondary)\" \/><path d=\"M28.649,26.5c-2.728,2.26-6.235,2.754-10.209,1.417a28.986,28.986,0,0,1-10.6-7.1,28.981,28.981,0,0,1-7.1-10.6C-.6,6.236-.107,2.728,2.153,0l8.123,8.123c-1.746,2.721.764,5.942,2.535,7.713s4.992,4.281,7.713,2.535Zm0,0\" transform=\"translate(-0.001 3.351)\" fill=\"var(--e-global-color-secondary)\" \/><\/svg>                                                    <\/div>\n                <\/div>\n            \n            <div class=\"aux-text-inner aux-text-widget-content\">\n                                <h4 class=\"col-title\">Num\u00e9ros de contact<\/h4>\n                                <div class=\"widget-content\">\n                                        <p>201066851425+<\/p><p>201066158172+<\/p>                <\/div>\n                            <\/div>\n        <\/div>\n                    <div class=\"aux-text-widget-footer\">\n                <div class=\"aux-border-shape-none\">\n                                <\/div>\n            <\/div>\n        \n<\/section><!-- widget-container -->\t\t\t\t<\/div>\n\t\t\t\t<\/div>\n\t\t\t\t<\/div>\n\t\t\t\t\t<\/div>\n\t\t\t\t<\/div>\n\t\t\t\t<\/div>","protected":false},"excerpt":{"rendered":"<p>Contactez Al Fanous. Nous serions ravis d&#039;avoir de vos nouvelles. Adresse\u00a0: Nouvelle-Damiette, sur la Route c\u00f4ti\u00e8re internationale. Courriel\u00a0: Info@alfanouseg.com. Num\u00e9ros de t\u00e9l\u00e9phone\u00a0: +201066851425, +201066158172<\/p>","protected":false},"author":1,"featured_media":0,"parent":0,"menu_order":0,"comment_status":"closed","ping_status":"closed","template":"templates\/page-builder-content.php","meta":{"footnotes":""},"class_list":["post-6957","page","type-page","status-publish","hentry"],"_links":{"self":[{"href":"https:\/\/alfanouseg.com\/fr\/wp-json\/wp\/v2\/pages\/6957","targetHints":{"allow":["GET"]}}],"collection":[{"href":"https:\/\/alfanouseg.com\/fr\/wp-json\/wp\/v2\/pages"}],"about":[{"href":"https:\/\/alfanouseg.com\/fr\/wp-json\/wp\/v2\/types\/page"}],"author":[{"embeddable":true,"href":"https:\/\/alfanouseg.com\/fr\/wp-json\/wp\/v2\/users\/1"}],"replies":[{"embeddable":true,"href":"https:\/\/alfanouseg.com\/fr\/wp-json\/wp\/v2\/comments?post=6957"}],"version-history":[{"count":18,"href":"https:\/\/alfanouseg.com\/fr\/wp-json\/wp\/v2\/pages\/6957\/revisions"}],"predecessor-version":[{"id":8435,"href":"https:\/\/alfanouseg.com\/fr\/wp-json\/wp\/v2\/pages\/6957\/revisions\/8435"}],"wp:attachment":[{"href":"https:\/\/alfanouseg.com\/fr\/wp-json\/wp\/v2\/media?parent=6957"}],"curies":[{"name":"wp","href":"https:\/\/api.w.org\/{rel}","templated":true}]}}