{"id":6959,"date":"2021-03-09T07:11:42","date_gmt":"2021-03-09T07:11:42","guid":{"rendered":"https:\/\/alfanouseg.com\/about\/"},"modified":"2025-08-31T06:24:48","modified_gmt":"2025-08-31T06:24:48","slug":"a-propos","status":"publish","type":"page","link":"https:\/\/alfanouseg.com\/fr\/a-propos\/","title":{"rendered":"About"},"content":{"rendered":"<div data-elementor-type=\"wp-page\" data-elementor-id=\"6959\" class=\"elementor elementor-6959\" data-elementor-post-type=\"page\">\n\t\t\t\t<div class=\"aux-parallax-section elementor-element elementor-element-2ecb2da e-flex e-con-boxed e-con e-parent\" data-id=\"2ecb2da\" data-element_type=\"container\" data-e-type=\"container\">\n\t\t\t\t\t<div class=\"e-con-inner\">\n\t\t<div class=\"elementor-element elementor-element-0790a02 e-con-full e-flex e-con e-child\" data-id=\"0790a02\" data-element_type=\"container\" data-e-type=\"container\">\n\t\t\t\t<div class=\"elementor-element elementor-element-70e72ab aux-appear-watch-animation aux-scale-down elementor-widget elementor-widget-aux_modern_heading\" data-id=\"70e72ab\" data-element_type=\"widget\" data-e-type=\"widget\" data-widget_type=\"aux_modern_heading.default\">\n\t\t\t\t<div class=\"elementor-widget-container\">\n\t\t\t\t\t<section class=\"aux-widget-modern-heading\">\n            <div class=\"aux-widget-inner\"><h1 class=\"aux-modern-heading-primary\">\u00c0 propos de la lanterne<\/h1><h3 class=\"aux-modern-heading-secondary\"><span class=\"aux-head-highlight\">Une longue tradition alliant la qualit\u00e9 syrienne aux normes internationales dans le secteur des \u00e9quipements pour le caf\u00e9.<\/span><\/h3><\/div>\n        <\/section>\t\t\t\t<\/div>\n\t\t\t\t<\/div>\n\t\t<div class=\"elementor-element elementor-element-9d527d3 e-con-full e-flex e-con e-child\" data-id=\"9d527d3\" data-element_type=\"container\" data-e-type=\"container\">\n\t\t\t\t<div class=\"elementor-element elementor-element-395288d elementor-widget elementor-widget-html\" data-id=\"395288d\" data-element_type=\"widget\" data-e-type=\"widget\" data-widget_type=\"html.default\">\n\t\t\t\t<div class=\"elementor-widget-container\">\n\t\t\t\t\t<div class=\"video-cinema-wrapper\">\r\n  <iframe id=\"vimeo-player\"\r\n    src=\"https:\/\/player.vimeo.com\/video\/1112074851?loop=0&autoplay=0&title=0&byline=0&portrait=0\"\r\n    frameborder=\"0\"\r\n    allow=\"autoplay; fullscreen; picture-in-picture\"\r\n    allowfullscreen>\r\n  <\/iframe>\r\n\r\n  <div class=\"play-overlay\" id=\"play-overlay\">\r\n    <button id=\"play-btn\">\u25b6<\/button>\r\n    <div class=\"pulse-ring\"><\/div>\r\n    <div class=\"pulse-ring delay\"><\/div>\r\n  <\/div>\r\n<\/div>\r\n\r\n<style>\r\n.video-cinema-wrapper {\r\n  position: relative;\r\n  width: 100%;\r\n  max-width: 1200px;\r\n  margin: 0 auto;\r\n  background: #000;\r\n  overflow: hidden;\r\n  aspect-ratio: 16 \/ 9;\r\n  border: 3px solid #d4af37;\r\n}\r\n\r\n.video-cinema-wrapper iframe {\r\n  display: block;\r\n  width: 100%;\r\n  height: 100%;\r\n  border: none;\r\n  background: #000;\r\n}\r\n\r\n\/* Overlay \u0632\u0631\u0627\u0631 Play *\/\r\n.play-overlay {\r\n  position: absolute;\r\n  inset: 0;\r\n  display: flex;\r\n  align-items: center;\r\n  justify-content: center;\r\n  z-index: 10;\r\n  pointer-events: all;\r\n  transition: opacity 0.4s ease, visibility 0.4s ease;\r\n}\r\n\r\n.play-overlay.hide {\r\n  opacity: 0;\r\n  visibility: hidden;\r\n  pointer-events: none;\r\n}\r\n\r\n\/* \u0632\u0631\u0627\u0631 Play *\/\r\n#play-btn {\r\n  position: relative;\r\n  width: 90px;\r\n  height: 90px;\r\n  border-radius: 50%;\r\n  border: 3px solid #d4af37;\r\n  background: transparent;\r\n  color: #fff;\r\n  font-size: 38px;\r\n  cursor: pointer;\r\n  z-index: 2;\r\n  display: flex;\r\n  align-items: center;\r\n  justify-content: center;\r\n  transition: transform 0.3s ease;\r\n}\r\n#play-btn:hover {\r\n  transform: scale(1.1);\r\n}\r\n\r\n\/* Pulse animation *\/\r\n.pulse-ring {\r\n  position: absolute;\r\n  width: 250px;\r\n  height: 250px;\r\n  border: 3px solid rgba(212,175,55,0.6);\r\n  border-radius: 50%;\r\n  top: 50%;\r\n  left: 50%;\r\n  transform: translate(-50%,-50%) scale(0.8);\r\n  animation: pulse 1.5s infinite cubic-bezier(0.25,0.46,0.45,0.94);\r\n  z-index: 1;\r\n}\r\n.pulse-ring.delay {\r\n  animation-delay: 1s;\r\n}\r\n\r\n@keyframes pulse {\r\n  0% { transform: translate(-50%,-50%) scale(0.8); opacity: 1; }\r\n  100% { transform: translate(-50%,-50%) scale(1.6); opacity: 0; }\r\n}\r\n\r\n\/* Responsive *\/\r\n@media screen and (max-width: 1024px) {\r\n  .video-cinema-wrapper { aspect-ratio: 16\/9; }\r\n}\r\n@media screen and (max-width: 480px) {\r\n  .video-cinema-wrapper { aspect-ratio: 9\/16; }\r\n}\r\n<\/style>\r\n\r\n<script src=\"https:\/\/player.vimeo.com\/api\/player.js\"><\/script>\r\n<script>\r\ndocument.getElementById(\"play-btn\").addEventListener(\"click\", function() {\r\n  const overlay = document.getElementById(\"play-overlay\");\r\n  const iframe = document.getElementById(\"vimeo-player\");\r\n  const src = iframe.getAttribute(\"src\");\r\n\r\n  \/\/ \u062a\u0639\u062f\u064a\u0644 \u0627\u0644\u0640 URL \u0644\u0636\u0645\u0627\u0646 \u062a\u0634\u063a\u064a\u0644 \u0627\u0644\u0635\u0648\u062a\r\n  const url = new URL(src);\r\n  url.searchParams.set('muted', '0');\r\n  url.searchParams.set('autoplay', '1');\r\n\r\n  \/\/ \u0625\u0639\u0627\u062f\u0629 \u062a\u062d\u0645\u064a\u0644 \u0627\u0644\u0640 iframe \u0628\u0627\u0644\u0640 URL \u0627\u0644\u062c\u062f\u064a\u062f\r\n  iframe.setAttribute(\"src\", url.toString());\r\n\r\n  \/\/ \u0625\u062e\u0641\u0627\u0621 \u0627\u0644\u063a\u0644\u0627\u0641\r\n  overlay.classList.add(\"hide\");\r\n\r\n  \/\/ \u0625\u062e\u0641\u0627\u0621 \u0627\u0644\u0632\u0631\u0627\u0631 \u0627\u0644\u0623\u0632\u0631\u0642 \u0648\u062d\u0631\u0641 \u0627\u0644\u0640 V \u0628\u0627\u0633\u062a\u062e\u062f\u0627\u0645 JavaScript\r\n  setTimeout(() => {\r\n    iframe.contentDocument.querySelector(\".play-button\").style.display = 'none';\r\n    iframe.contentDocument.querySelector(\".byline\").style.display = 'none';\r\n  }, 1500); \/\/ 1.5 \u062b\u0627\u0646\u064a\u0629\r\n});\r\n<\/script>\r\n\t\t\t\t<\/div>\n\t\t\t\t<\/div>\n\t\t\t\t<div class=\"elementor-element elementor-element-b52d388 elementor-headline--style-rotate elementor-widget elementor-widget-animated-headline\" data-id=\"b52d388\" data-element_type=\"widget\" data-e-type=\"widget\" data-settings=\"{&quot;headline_style&quot;:&quot;rotate&quot;,&quot;animation_type&quot;:&quot;flip&quot;,&quot;rotating_text&quot;:&quot;\\u0625\\u0644\\u0647\\u0627\\u0645\\n\\u062c\\u0648\\u062f\\u0629\\n\\u062a\\u0645\\u064a\\u0632&quot;,&quot;loop&quot;:&quot;yes&quot;,&quot;rotate_iteration_delay&quot;:2500}\" data-widget_type=\"animated-headline.default\">\n\t\t\t\t<div class=\"elementor-widget-container\">\n\t\t\t\t\t\t\t<h3 class=\"elementor-headline elementor-headline-animation-type-flip\">\n\t\t\t\t\t<span class=\"elementor-headline-plain-text elementor-headline-text-wrapper\">L&#039;histoire de la marque Lantern<\/span>\n\t\t\t\t<span class=\"elementor-headline-dynamic-wrapper elementor-headline-text-wrapper\">\n\t\t\t\t\t<span class=\"elementor-headline-dynamic-text elementor-headline-text-active\">\n\t\t\t\tinspiration\t\t\t<\/span>\n\t\t\t\t\t<span class=\"elementor-headline-dynamic-text\">\n\t\t\t\tqualit\u00e9\t\t\t<\/span>\n\t\t\t\t\t<span class=\"elementor-headline-dynamic-text\">\n\t\t\t\tDistingu\u00e9\t\t\t<\/span>\n\t\t\t\t\t\t<\/span>\n\t\t\t\t<\/h3>\n\t\t\t\t\t\t<\/div>\n\t\t\t\t<\/div>\n\t\t<div class=\"elementor-element elementor-element-e0fe34e e-con-full e-grid e-con e-child\" data-id=\"e0fe34e\" data-element_type=\"container\" data-e-type=\"container\">\n\t\t\t\t<div class=\"elementor-element elementor-element-b45efb6 elementor-widget elementor-widget-aux_modern_heading\" data-id=\"b45efb6\" data-element_type=\"widget\" data-e-type=\"widget\" data-widget_type=\"aux_modern_heading.default\">\n\t\t\t\t<div class=\"elementor-widget-container\">\n\t\t\t\t\t<section class=\"aux-widget-modern-heading\">\n            <div class=\"aux-widget-inner\"><h2 class=\"aux-modern-heading-primary\"><\/h2><div class=\"aux-modern-heading-divider\"><\/div><div class=\"aux-modern-heading-description\"><p data-start=\"296\" data-end=\"451\"><strong data-start=\"296\" data-end=\"449\">Au c\u0153ur de chaque moment sombre, il existe une faible lueur capable de dissiper les t\u00e9n\u00e8bres, de nous guider et d&#039;emplir l&#039;espace de chaleur et d&#039;espoir. C&#039;est de cette id\u00e9e qu&#039;est n\u00e9e l&#039;histoire de la lanterne de Brand.<\/strong><\/p><\/div><\/div>\n        <\/section>\t\t\t\t<\/div>\n\t\t\t\t<\/div>\n\t\t\t\t<div class=\"elementor-element elementor-element-91ea713 elementor-widget elementor-widget-aux_modern_heading\" data-id=\"91ea713\" data-element_type=\"widget\" data-e-type=\"widget\" data-widget_type=\"aux_modern_heading.default\">\n\t\t\t\t<div class=\"elementor-widget-container\">\n\t\t\t\t\t<section class=\"aux-widget-modern-heading\">\n            <div class=\"aux-widget-inner\"><h2 class=\"aux-modern-heading-primary\">Le commencement : une vision diff\u00e9rente\n<\/h2><div class=\"aux-modern-heading-description\"><p data-start=\"458\" data-end=\"672\">Tout a commenc\u00e9 il y a des ann\u00e9es, lorsque les fondateurs de la marque ont constat\u00e9 un manque de produits et de services sur le march\u00e9 offrant une v\u00e9ritable valeur ajout\u00e9e et un esprit distinctif. Ils souhaitaient que la lanterne soit un symbole de confort, d&#039;inspiration et d&#039;excellence, et non pas un simple nom.<\/p><\/div><\/div>\n        <\/section>\t\t\t\t<\/div>\n\t\t\t\t<\/div>\n\t\t\t\t<div class=\"elementor-element elementor-element-af66121 elementor-widget elementor-widget-aux_modern_heading\" data-id=\"af66121\" data-element_type=\"widget\" data-e-type=\"widget\" data-widget_type=\"aux_modern_heading.default\">\n\t\t\t\t<div class=\"elementor-widget-container\">\n\t\t\t\t\t<section class=\"aux-widget-modern-heading\">\n            <div class=\"aux-widget-inner\"><h2 class=\"aux-modern-heading-primary\">La lanterne n&#039;est pas qu&#039;un nom, c&#039;est un message.\n<\/h2><h3 class=\"aux-modern-heading-secondary\"><span class=\"aux-head-highlight\">Nous r\u00e9sumons nos valeurs fondamentales en trois points\u00a0:<\/span><\/h3><div class=\"aux-modern-heading-description\"><ol><li>Une lueur d&#039;espoir dans l&#039;obscurit\u00e9 : nos produits procurent un sentiment de s\u00e9curit\u00e9, de confiance et de haute qualit\u00e9.<\/li><li>Inspiration et cr\u00e9ativit\u00e9 : Notre objectif est d&#039;inspirer tous ceux qui interagissent avec nous gr\u00e2ce \u00e0 un design innovant et une exp\u00e9rience unique.<\/li><li>Valeur et esprit : Chaque produit est fabriqu\u00e9 avec soin et souci du d\u00e9tail, alliant beaut\u00e9 et aspect pratique.<\/li><\/ol><\/div><\/div>\n        <\/section>\t\t\t\t<\/div>\n\t\t\t\t<\/div>\n\t\t\t\t<div class=\"elementor-element elementor-element-f07053d elementor-widget elementor-widget-aux_modern_heading\" data-id=\"f07053d\" data-element_type=\"widget\" data-e-type=\"widget\" data-widget_type=\"aux_modern_heading.default\">\n\t\t\t\t<div class=\"elementor-widget-container\">\n\t\t\t\t\t<section class=\"aux-widget-modern-heading\">\n            <div class=\"aux-widget-inner\"><h2 class=\"aux-modern-heading-primary\">Notre chemin vers l&#039;excellence\n<\/h2><div class=\"aux-modern-heading-description\"><p data-start=\"1032\" data-end=\"1252\">Au fil des ans, Al Fanous est devenu bien plus qu&#039;une simple marque\u00a0: un symbole d&#039;excellence et de fiabilit\u00e9, gr\u00e2ce \u00e0 des cr\u00e9ations innovantes et un service client irr\u00e9prochable. Chaque \u00e9tape de notre parcours t\u00e9moigne d&#039;une passion et d&#039;une volont\u00e9 constante de toujours offrir le meilleur.<\/p><\/div><\/div>\n        <\/section>\t\t\t\t<\/div>\n\t\t\t\t<\/div>\n\t\t\t\t<div class=\"elementor-element elementor-element-f1ec58b elementor-widget elementor-widget-aux_modern_heading\" data-id=\"f1ec58b\" data-element_type=\"widget\" data-e-type=\"widget\" data-widget_type=\"aux_modern_heading.default\">\n\t\t\t\t<div class=\"elementor-widget-container\">\n\t\t\t\t\t<section class=\"aux-widget-modern-heading\">\n            <div class=\"aux-widget-inner\"><h2 class=\"aux-modern-heading-primary\">En voyant la lanterne\n<\/h2><div class=\"aux-modern-heading-description\"><p data-start=\"1259\" data-end=\"1393\">\u00catre la lumi\u00e8re qui guide les gens vers une meilleure exp\u00e9rience et laisser un impact positif dans chaque foyer, bureau ou c\u0153ur qui utilise nos produits.<\/p><p data-start=\"1395\" data-end=\"1445\">\u00a0<\/p><\/div><\/div>\n        <\/section>\t\t\t\t<\/div>\n\t\t\t\t<\/div>\n\t\t\t\t<div class=\"elementor-element elementor-element-8eb53b8 elementor-widget elementor-widget-aux_modern_heading\" data-id=\"8eb53b8\" data-element_type=\"widget\" data-e-type=\"widget\" data-widget_type=\"aux_modern_heading.default\">\n\t\t\t\t<div class=\"elementor-widget-container\">\n\t\t\t\t\t<section class=\"aux-widget-modern-heading\">\n            <div class=\"aux-widget-inner\"><h2 class=\"aux-modern-heading-primary\">Le message de la lanterne\n<\/h2><div class=\"aux-modern-heading-description\"><p data-start=\"1395\" data-end=\"1445\"><em data-start=\"1415\" data-end=\"1443\">\"Nous \u00e9gayons votre vie, nous faisons la diff\u00e9rence.\"<\/em><\/p><\/div><\/div>\n        <\/section>\t\t\t\t<\/div>\n\t\t\t\t<\/div>\n\t\t\t\t<\/div>\n\t\t\t\t<\/div>\n\t\t\t\t<\/div>\n\t\t\t\t\t<\/div>\n\t\t\t\t<\/div>\n\t\t\t\t<\/div>","protected":false},"excerpt":{"rendered":"<p>\u0639\u0646 \u0627\u0644\u0641\u0627\u0646\u0648\u0633 \u062e\u0628\u0631\u0629 \u0639\u0631\u064a\u0642\u0629 \u062a\u062c\u0645\u0639 \u0628\u064a\u0646 \u0627\u0644\u062c\u0648\u062f\u0629 \u0627\u0644\u0633\u0648\u0631\u064a\u0629 \u0648\u0627\u0644\u0645\u0639\u0627\u064a\u064a\u0631 \u0627\u0644\u0639\u0627\u0644\u0645\u064a\u0629 \u0641\u064a \u0635\u0646\u0627\u0639\u0629 \u0645\u0639\u062f\u0627\u062a \u0627\u0644\u0642\u0647\u0648\u0629 \u25b6 \u0642\u0635\u0629 \u0628\u0631\u0627\u0646\u062f \u0627\u0644\u0641\u0627\u0646\u0648\u0633 \u0625\u0644\u0647\u0627\u0645 \u062c\u0648\u062f\u0629 \u062a\u0645\u064a\u0632 \u0641\u064a \u0642\u0644\u0628 \u0643\u0644 \u0644\u062d\u0638\u0629 \u0645\u0638\u0644\u0645\u0629\u060c \u0647\u0646\u0627\u0643 \u0636\u0648\u0621 \u0635\u063a\u064a\u0631 \u064a\u0633\u062a\u0637\u064a\u0639 \u0623\u0646 \u064a\u0628\u062f\u062f \u0627\u0644\u0638\u0644\u0627\u0645\u060c \u064a\u0647\u062f\u064a\u0646\u0627 \u0627\u0644\u0637\u0631\u064a\u0642\u060c \u0648\u064a\u0645\u0644\u0623 \u0627\u0644\u0645\u0643\u0627\u0646 \u0628\u0627\u0644\u062f\u0641\u0621 \u0648\u0627\u0644\u0623\u0645\u0644. \u0647\u0630\u0647 \u0647\u064a \u0627\u0644\u0641\u0643\u0631\u0629 \u0627\u0644\u062a\u064a \u0648\u0644\u062f\u062a \u0645\u0646\u0647\u0627 \u0642\u0635\u0629 \u0628\u0631\u0627\u0646\u062f \u0627\u0644\u0641\u0627\u0646\u0648\u0633. \u0627\u0644\u0628\u062f\u0627\u064a\u0629: \u0631\u0624\u064a\u0629 \u0645\u062e\u062a\u0644\u0641\u0629 \u0628\u062f\u0623 \u0643\u0644 \u0634\u064a\u0621 \u0645\u0646\u0630 [&hellip;]<\/p>\n","protected":false},"author":1,"featured_media":0,"parent":0,"menu_order":0,"comment_status":"closed","ping_status":"closed","template":"templates\/page-builder-content.php","meta":{"footnotes":""},"class_list":["post-6959","page","type-page","status-publish","hentry"],"_links":{"self":[{"href":"https:\/\/alfanouseg.com\/fr\/wp-json\/wp\/v2\/pages\/6959","targetHints":{"allow":["GET"]}}],"collection":[{"href":"https:\/\/alfanouseg.com\/fr\/wp-json\/wp\/v2\/pages"}],"about":[{"href":"https:\/\/alfanouseg.com\/fr\/wp-json\/wp\/v2\/types\/page"}],"author":[{"embeddable":true,"href":"https:\/\/alfanouseg.com\/fr\/wp-json\/wp\/v2\/users\/1"}],"replies":[{"embeddable":true,"href":"https:\/\/alfanouseg.com\/fr\/wp-json\/wp\/v2\/comments?post=6959"}],"version-history":[{"count":114,"href":"https:\/\/alfanouseg.com\/fr\/wp-json\/wp\/v2\/pages\/6959\/revisions"}],"predecessor-version":[{"id":8381,"href":"https:\/\/alfanouseg.com\/fr\/wp-json\/wp\/v2\/pages\/6959\/revisions\/8381"}],"wp:attachment":[{"href":"https:\/\/alfanouseg.com\/fr\/wp-json\/wp\/v2\/media?parent=6959"}],"curies":[{"name":"wp","href":"https:\/\/api.w.org\/{rel}","templated":true}]}}