{"id":7601,"date":"2025-08-11T12:29:54","date_gmt":"2025-08-11T12:29:54","guid":{"rendered":"https:\/\/alfanouseg.com\/product\/%d9%85%d8%ad%d9%85%d8%b5%d8%a9-%d9%82%d9%87%d9%88%d8%a9-%d8%a3%d9%88%d8%aa%d9%88%d9%85%d8%a7%d8%aa%d9%8a%d9%83%d9%8a%d8%a9-%d8%a8%d8%a7%d9%84%d9%83%d8%a7%d9%85%d9%84-%d8%b3%d8%b9%d8%a9-60-2\/"},"modified":"2025-08-11T13:36:39","modified_gmt":"2025-08-11T13:36:39","slug":"torrefacteur-a-cafe-entierement-automatique-capacite-de-60-a-2-kg","status":"publish","type":"product","link":"https:\/\/alfanouseg.com\/fr\/product\/torrefacteur-a-cafe-entierement-automatique-capacite-de-60-a-2-kg\/","title":{"rendered":"Torr\u00e9facteur \u00e0 caf\u00e9 enti\u00e8rement automatique \u2013 capacit\u00e9 de 30 kg"},"content":{"rendered":"<div data-elementor-type=\"wp-post\" data-elementor-id=\"7601\" class=\"elementor elementor-7601\" data-elementor-post-type=\"product\">\n\t\t\t\t<div class=\"aux-parallax-section elementor-element elementor-element-4f13bc8 e-flex e-con-boxed e-con e-parent\" data-id=\"4f13bc8\" data-element_type=\"container\" data-e-type=\"container\">\n\t\t\t\t\t<div class=\"e-con-inner\">\n\t\t\t\t<div class=\"elementor-element elementor-element-3a800043 elementor-widget elementor-widget-text-editor\" data-id=\"3a800043\" data-element_type=\"widget\" data-e-type=\"widget\" data-widget_type=\"text-editor.default\">\n\t\t\t\t<div class=\"elementor-widget-container\">\n\t\t\t\t\t\t\t\t\t<h2 style=\"text-align: right;\" data-start=\"210\" data-end=\"226\"><span style=\"font-family: dgshamael-light;\">Description g\u00e9n\u00e9rale<\/span><\/h2><p style=\"text-align: right;\" data-start=\"70\" data-end=\"257\"><span style=\"font-family: dgshamael-light;\">Un torr\u00e9facteur enti\u00e8rement automatique et ultramoderne, dot\u00e9 d&#039;un panneau de commande tactile et d&#039;une option de fonctionnement manuel, vous offrant les plus hauts niveaux de pr\u00e9cision et un contr\u00f4le total pendant le processus de torr\u00e9faction, ainsi qu&#039;un syst\u00e8me de s\u00e9curit\u00e9 int\u00e9gr\u00e9 pour assurer protection et fiabilit\u00e9.<\/span><\/p><p style=\"text-align: right;\" data-start=\"259\" data-end=\"480\"><span style=\"font-family: dgshamael-light;\">Ce torr\u00e9facteur de caf\u00e9 haute performance allie un contr\u00f4le enti\u00e8rement automatique via un \u00e9cran tactile de 25 cm \u00e0 une utilisation manuelle pour une flexibilit\u00e9 maximale. Il est sp\u00e9cialement con\u00e7u pour obtenir des r\u00e9sultats de torr\u00e9faction pr\u00e9cis et s\u00fbrs, avec une fiabilit\u00e9 et une qualit\u00e9 optimales.<\/span><\/p><p style=\"text-align: right;\" data-start=\"227\" data-end=\"414\"><span style=\"font-family: dgshamael-light;\">\u00a0<\/span><\/p><hr data-start=\"638\" data-end=\"641\" \/><h2 style=\"text-align: right;\" data-start=\"643\" data-end=\"664\"><span style=\"font-family: dgshamael-light;\">Sp\u00e9cifications techniques<\/span><\/h2><p style=\"text-align: right;\" data-start=\"665\" data-end=\"948\"><span style=\"font-family: dgshamael-light;\">Capacit\u00e9 de torr\u00e9faction : 30 kg par lot<\/span><br data-start=\"533\" data-end=\"536\" \/><span style=\"font-family: dgshamael-light;\">Capacit\u00e9 de production jusqu&#039;\u00e0 90 kg par heure<\/span><br data-start=\"573\" data-end=\"576\" \/><span style=\"font-family: dgshamael-light;\">Le temps de torr\u00e9faction est de 10 \u00e0 15 minutes.<\/span><br data-start=\"606\" data-end=\"609\" \/><span style=\"font-family: dgshamael-light;\">Alimentation requise\u00a0: 220 volts \u00e0 une fr\u00e9quence de 50 ou 60 Hz<\/span><br data-start=\"653\" data-end=\"656\" \/><span style=\"font-family: dgshamael-light;\">Cylindre \u00e0 double paroi en acier \u00e0 faible teneur en carbone<\/span><br data-start=\"702\" data-end=\"705\" \/><span style=\"font-family: dgshamael-light;\">\u00c9cran tactile de dix pouces avec contr\u00f4le logiciel complet<\/span><br data-start=\"745\" data-end=\"748\" \/><span style=\"font-family: dgshamael-light;\">Un port de connexion compatible avec les logiciels de surveillance de la torr\u00e9faction.<\/span><\/p><hr data-start=\"950\" data-end=\"953\" \/><h2 style=\"text-align: right;\" data-start=\"955\" data-end=\"976\"><span style=\"font-family: dgshamael-light;\">Composants et performances<\/span><\/h2><p style=\"text-align: right;\" data-start=\"977\" data-end=\"1256\"><span style=\"font-family: dgshamael-light;\">Cinq moteurs de fabrication turque avec deux ventilateurs pour assurer une torr\u00e9faction homog\u00e8ne.<\/span><br data-start=\"868\" data-end=\"871\" \/><span style=\"font-family: dgshamael-light;\">unit\u00e9 de levage int\u00e9gr\u00e9e<\/span><br data-start=\"885\" data-end=\"888\" \/><span style=\"font-family: dgshamael-light;\">Il fonctionne au gaz naturel, au propane ou au gaz de p\u00e9trole liqu\u00e9fi\u00e9 (GPL).<\/span><br data-start=\"935\" data-end=\"938\" \/><span style=\"font-family: dgshamael-light;\">Syst\u00e8me d&#039;allumage automatique avec contr\u00f4le pr\u00e9cis de la flamme<\/span><br data-start=\"979\" data-end=\"982\" \/><span style=\"font-family: dgshamael-light;\">Contr\u00f4le automatique du d\u00e9bit d&#039;air chaud<\/span><br data-start=\"1019\" data-end=\"1022\" \/><span style=\"font-family: dgshamael-light;\">Fen\u00eatre d&#039;observation, cuill\u00e8re de d\u00e9gustation et plateau de refroidissement robuste<\/span><br data-start=\"1063\" data-end=\"1066\" \/><span style=\"font-family: dgshamael-light;\">Collecteur de paille ext\u00e9rieur pour un nettoyage facile<\/span><\/p><hr data-start=\"1258\" data-end=\"1261\" \/><h2 style=\"text-align: right;\" data-start=\"1263\" data-end=\"1281\"><span style=\"font-family: dgshamael-light;\">Fonctionnalit\u00e9s suppl\u00e9mentaires<\/span><\/h2><p style=\"text-align: right;\" data-start=\"1282\" data-end=\"1442\"><span style=\"font-family: dgshamael-light;\">Plusieurs options de couleur<\/span><br data-start=\"1301\" data-end=\"1304\" \/><span style=\"font-family: dgshamael-light;\">Rev\u00eatement ext\u00e9rieur en acier inoxydable en option<\/span><br data-start=\"1348\" data-end=\"1351\" \/><span style=\"font-family: dgshamael-light;\">Le fonctionnement silencieux met en valeur le cr\u00e9pitement du grain.<\/span><br data-start=\"1383\" data-end=\"1386\" \/><span style=\"font-family: dgshamael-light;\">Garantie de deux ans<\/span><br data-start=\"1401\" data-end=\"1404\" \/><span style=\"font-family: dgshamael-light;\">Guide d&#039;utilisation simplifi\u00e9<\/span><br data-start=\"1419\" data-end=\"1422\" \/><span style=\"font-family: dgshamael-light;\">certificats de qualit\u00e9 certifi\u00e9s<\/span><\/p>\t\t\t\t\t\t\t\t<\/div>\n\t\t\t\t<\/div>\n\t\t\t\t\t<\/div>\n\t\t\t\t<\/div>\n\t\t\t\t<\/div>","protected":false},"excerpt":{"rendered":"<p data-start=\"153\" data-end=\"280\">Un torr\u00e9facteur haute performance dot\u00e9 d&#039;un \u00e9cran tactile et d&#039;une fonction de commande manuelle, offrant une grande pr\u00e9cision et un contr\u00f4le total du processus de torr\u00e9faction gr\u00e2ce \u00e0 un syst\u00e8me de s\u00e9curit\u00e9 int\u00e9gr\u00e9.<\/p>\n<p data-start=\"282\" data-end=\"446\"><strong data-start=\"282\" data-end=\"296\">Caract\u00e9ristiques:<\/strong><br data-start=\"296\" data-end=\"299\" \/>Capacit\u00e9 60 kg par lot \u2013 Productivit\u00e9 jusqu&#039;\u00e0 180 kg\/heure \u2013 Temps de torr\u00e9faction 10-15 minutes \u2013 Fonctionne au gaz ou \u00e0 l&#039;\u00e9lectricit\u00e9 \u2013 Cylindre \u00e0 double paroi \u2013 Port de torr\u00e9faction de suivi.<\/p>\n<p data-start=\"448\" data-end=\"535\"><strong data-start=\"448\" data-end=\"461\">Caract\u00e9ristiques:<\/strong><br data-start=\"461\" data-end=\"464\" \/>Conception robuste \u2013 Choix de couleurs \u2013 Fonctionnement silencieux \u2013 Garantie de deux ans \u2013 Maintenance et assistance technique.<\/p>","protected":false},"featured_media":7635,"template":"","meta":[],"product_brand":[],"product_cat":[91],"product_tag":[],"class_list":{"0":"post-7601","1":"product","2":"type-product","3":"status-publish","4":"has-post-thumbnail","6":"product_cat-coffee-roasters--","8":"first","9":"instock","10":"shipping-taxable","11":"purchasable","12":"product-type-simple"},"_links":{"self":[{"href":"https:\/\/alfanouseg.com\/fr\/wp-json\/wp\/v2\/product\/7601","targetHints":{"allow":["GET"]}}],"collection":[{"href":"https:\/\/alfanouseg.com\/fr\/wp-json\/wp\/v2\/product"}],"about":[{"href":"https:\/\/alfanouseg.com\/fr\/wp-json\/wp\/v2\/types\/product"}],"version-history":[{"count":4,"href":"https:\/\/alfanouseg.com\/fr\/wp-json\/wp\/v2\/product\/7601\/revisions"}],"predecessor-version":[{"id":7607,"href":"https:\/\/alfanouseg.com\/fr\/wp-json\/wp\/v2\/product\/7601\/revisions\/7607"}],"wp:featuredmedia":[{"embeddable":true,"href":"https:\/\/alfanouseg.com\/fr\/wp-json\/wp\/v2\/media\/7635"}],"wp:attachment":[{"href":"https:\/\/alfanouseg.com\/fr\/wp-json\/wp\/v2\/media?parent=7601"}],"wp:term":[{"taxonomy":"product_brand","embeddable":true,"href":"https:\/\/alfanouseg.com\/fr\/wp-json\/wp\/v2\/product_brand?post=7601"},{"taxonomy":"product_cat","embeddable":true,"href":"https:\/\/alfanouseg.com\/fr\/wp-json\/wp\/v2\/product_cat?post=7601"},{"taxonomy":"product_tag","embeddable":true,"href":"https:\/\/alfanouseg.com\/fr\/wp-json\/wp\/v2\/product_tag?post=7601"}],"curies":[{"name":"wp","href":"https:\/\/api.w.org\/{rel}","templated":true}]}}