{"id":7605,"date":"2025-08-11T13:29:08","date_gmt":"2025-08-11T13:29:08","guid":{"rendered":"https:\/\/alfanouseg.com\/product\/%d9%85%d8%ad%d9%85%d8%b5%d8%a9-%d9%82%d9%87%d9%88%d8%a9-%d8%a3%d9%88%d8%aa%d9%88%d9%85%d8%a7%d8%aa%d9%8a%d9%83%d9%8a%d8%a9-%d8%a8%d8%a7%d9%84%d9%83%d8%a7%d9%85%d9%84-%d8%b3%d8%b9%d8%a9-60-3\/"},"modified":"2025-08-11T13:44:50","modified_gmt":"2025-08-11T13:44:50","slug":"torrefacteur-a-cafe-entierement-automatique-capacite-de-60-a-3-kg","status":"publish","type":"product","link":"https:\/\/alfanouseg.com\/fr\/product\/torrefacteur-a-cafe-entierement-automatique-capacite-de-60-a-3-kg\/","title":{"rendered":"Torr\u00e9facteur \u00e0 caf\u00e9 enti\u00e8rement automatique, capacit\u00e9 de 15 kg"},"content":{"rendered":"<div data-elementor-type=\"wp-post\" data-elementor-id=\"7605\" class=\"elementor elementor-7605\" data-elementor-post-type=\"product\">\n\t\t\t\t<div class=\"aux-parallax-section elementor-element elementor-element-4f13bc8 e-flex e-con-boxed e-con e-parent\" data-id=\"4f13bc8\" data-element_type=\"container\" data-e-type=\"container\">\n\t\t\t\t\t<div class=\"e-con-inner\">\n\t\t\t\t<div class=\"elementor-element elementor-element-3a800043 elementor-widget elementor-widget-text-editor\" data-id=\"3a800043\" data-element_type=\"widget\" data-e-type=\"widget\" data-widget_type=\"text-editor.default\">\n\t\t\t\t<div class=\"elementor-widget-container\">\n\t\t\t\t\t\t\t\t\t<h2 style=\"text-align: right;\" data-start=\"210\" data-end=\"226\"><span style=\"font-family: dgshamael-light;\">Description g\u00e9n\u00e9rale<\/span><\/h2><p style=\"text-align: right;\" data-start=\"128\" data-end=\"298\"><span style=\"font-family: dgshamael-light;\">Un torr\u00e9facteur professionnel con\u00e7u pour une performance de torr\u00e9faction optimale, offrant une flexibilit\u00e9 totale entre contr\u00f4le automatique et manuel, et int\u00e9grant les derni\u00e8res technologies de torr\u00e9faction avec les plus hauts niveaux de s\u00e9curit\u00e9 et d&#039;efficacit\u00e9.<\/span><span style=\"font-family: dgshamael-light;\">\u00a0<\/span><\/p><hr data-start=\"638\" data-end=\"641\" \/><h2 style=\"text-align: right;\" data-start=\"643\" data-end=\"664\"><span style=\"font-family: dgshamael-light;\">Sp\u00e9cifications techniques<\/span><\/h2><p style=\"text-align: right;\" data-start=\"665\" data-end=\"948\"><span style=\"font-family: dgshamael-light;\">Capacit\u00e9 de torr\u00e9faction : 15 kg par lot<\/span><br data-start=\"351\" data-end=\"354\" \/><span style=\"font-family: dgshamael-light;\">Capacit\u00e9 de production jusqu&#039;\u00e0 60 kg par heure<\/span><br data-start=\"391\" data-end=\"394\" \/><span style=\"font-family: dgshamael-light;\">Le temps de torr\u00e9faction est de 10 \u00e0 15 minutes.<\/span><br data-start=\"424\" data-end=\"427\" \/><span style=\"font-family: dgshamael-light;\">Alimentation requise\u00a0: 220 volts \u00e0 une fr\u00e9quence de 50 ou 60 Hz<\/span><br data-start=\"471\" data-end=\"474\" \/><span style=\"font-family: dgshamael-light;\">Cylindre \u00e0 double paroi en acier \u00e0 faible teneur en carbone<\/span><br data-start=\"520\" data-end=\"523\" \/><span style=\"font-family: dgshamael-light;\">Un port de connexion compatible avec les logiciels de surveillance de la torr\u00e9faction.<\/span><\/p><hr data-start=\"950\" data-end=\"953\" \/><h2 style=\"text-align: right;\" data-start=\"955\" data-end=\"976\"><span style=\"font-family: dgshamael-light;\">Composants et performances<\/span><\/h2><p style=\"text-align: right;\" data-start=\"977\" data-end=\"1256\"><span style=\"font-family: dgshamael-light;\">Quatre moteurs de fabrication turque avec deux ventilateurs<br data-start=\"627\" data-end=\"630\" \/>Il fonctionne au gaz naturel, au propane ou au gaz de p\u00e9trole liqu\u00e9fi\u00e9 (GPL).<br data-start=\"677\" data-end=\"680\" \/>Syst\u00e8me d&#039;allumage automatique avec contr\u00f4le pr\u00e9cis de l&#039;air et de la flamme<br data-start=\"729\" data-end=\"732\" \/>Fen\u00eatre d&#039;observation, cuill\u00e8re de d\u00e9gustation et plateau de refroidissement robuste<br data-start=\"773\" data-end=\"776\" \/>Presse \u00e0 foin ext\u00e9rieure et roues pour faciliter le d\u00e9placement<\/span><\/p><hr data-start=\"1258\" data-end=\"1261\" \/><h2 style=\"text-align: right;\" data-start=\"1263\" data-end=\"1281\"><span style=\"font-family: dgshamael-light;\">Fonctionnalit\u00e9s suppl\u00e9mentaires<\/span><\/h2><p style=\"text-align: right;\" data-start=\"1282\" data-end=\"1442\"><span style=\"font-family: dgshamael-light;\">Plusieurs options de couleur<\/span><br data-start=\"1301\" data-end=\"1304\" \/><span style=\"font-family: dgshamael-light;\">Rev\u00eatement ext\u00e9rieur en acier inoxydable en option<\/span><br data-start=\"1348\" data-end=\"1351\" \/><span style=\"font-family: dgshamael-light;\">Le fonctionnement silencieux met en valeur le cr\u00e9pitement du grain.<\/span><br data-start=\"1383\" data-end=\"1386\" \/><span style=\"font-family: dgshamael-light;\">Garantie de deux ans<\/span><br data-start=\"1401\" data-end=\"1404\" \/><span style=\"font-family: dgshamael-light;\">Guide d&#039;utilisation simplifi\u00e9<\/span><br data-start=\"1419\" data-end=\"1422\" \/><span style=\"font-family: dgshamael-light;\">certificats de qualit\u00e9 certifi\u00e9s<\/span><\/p>\t\t\t\t\t\t\t\t<\/div>\n\t\t\t\t<\/div>\n\t\t\t\t\t<\/div>\n\t\t\t\t<\/div>\n\t\t\t\t<\/div>","protected":false},"excerpt":{"rendered":"<p data-start=\"153\" data-end=\"280\">Un torr\u00e9facteur haute performance dot\u00e9 d&#039;un \u00e9cran tactile et d&#039;une fonction de commande manuelle, offrant une grande pr\u00e9cision et un contr\u00f4le total du processus de torr\u00e9faction gr\u00e2ce \u00e0 un syst\u00e8me de s\u00e9curit\u00e9 int\u00e9gr\u00e9.<\/p>\n<p data-start=\"282\" data-end=\"446\"><strong data-start=\"282\" data-end=\"296\">Caract\u00e9ristiques:<\/strong><br data-start=\"296\" data-end=\"299\" \/>Capacit\u00e9 60 kg par lot \u2013 Productivit\u00e9 jusqu&#039;\u00e0 180 kg\/heure \u2013 Temps de torr\u00e9faction 10-15 minutes \u2013 Fonctionne au gaz ou \u00e0 l&#039;\u00e9lectricit\u00e9 \u2013 Cylindre \u00e0 double paroi \u2013 Port de torr\u00e9faction de suivi.<\/p>\n<p data-start=\"448\" data-end=\"535\"><strong data-start=\"448\" data-end=\"461\">Caract\u00e9ristiques:<\/strong><br data-start=\"461\" data-end=\"464\" \/>Conception robuste \u2013 Choix de couleurs \u2013 Fonctionnement silencieux \u2013 Garantie de deux ans \u2013 Maintenance et assistance technique.<\/p>","protected":false},"featured_media":7633,"template":"","meta":[],"product_brand":[],"product_cat":[91],"product_tag":[],"class_list":{"0":"post-7605","1":"product","2":"type-product","3":"status-publish","4":"has-post-thumbnail","6":"product_cat-coffee-roasters--","8":"first","9":"instock","10":"shipping-taxable","11":"purchasable","12":"product-type-simple"},"_links":{"self":[{"href":"https:\/\/alfanouseg.com\/fr\/wp-json\/wp\/v2\/product\/7605","targetHints":{"allow":["GET"]}}],"collection":[{"href":"https:\/\/alfanouseg.com\/fr\/wp-json\/wp\/v2\/product"}],"about":[{"href":"https:\/\/alfanouseg.com\/fr\/wp-json\/wp\/v2\/types\/product"}],"version-history":[{"count":4,"href":"https:\/\/alfanouseg.com\/fr\/wp-json\/wp\/v2\/product\/7605\/revisions"}],"predecessor-version":[{"id":7612,"href":"https:\/\/alfanouseg.com\/fr\/wp-json\/wp\/v2\/product\/7605\/revisions\/7612"}],"wp:featuredmedia":[{"embeddable":true,"href":"https:\/\/alfanouseg.com\/fr\/wp-json\/wp\/v2\/media\/7633"}],"wp:attachment":[{"href":"https:\/\/alfanouseg.com\/fr\/wp-json\/wp\/v2\/media?parent=7605"}],"wp:term":[{"taxonomy":"product_brand","embeddable":true,"href":"https:\/\/alfanouseg.com\/fr\/wp-json\/wp\/v2\/product_brand?post=7605"},{"taxonomy":"product_cat","embeddable":true,"href":"https:\/\/alfanouseg.com\/fr\/wp-json\/wp\/v2\/product_cat?post=7605"},{"taxonomy":"product_tag","embeddable":true,"href":"https:\/\/alfanouseg.com\/fr\/wp-json\/wp\/v2\/product_tag?post=7605"}],"curies":[{"name":"wp","href":"https:\/\/api.w.org\/{rel}","templated":true}]}}