{"id":7614,"date":"2025-08-11T14:16:15","date_gmt":"2025-08-11T14:16:15","guid":{"rendered":"https:\/\/alfanouseg.com\/product\/%d9%85%d8%ad%d9%85%d8%b5%d8%a9-%d9%82%d9%87%d9%88%d8%a9-%d8%a3%d9%88%d8%aa%d9%88%d9%85%d8%a7%d8%aa%d9%8a%d9%83%d9%8a%d8%a9-%d8%a8%d8%a7%d9%84%d9%83%d8%a7%d9%85%d9%84-%d8%b3%d8%b9%d8%a9-15-%d9%83\/"},"modified":"2025-08-12T15:06:51","modified_gmt":"2025-08-12T15:06:51","slug":"torrefacteur-a-cafe-entierement-automatique-capacite-de-15-kg","status":"publish","type":"product","link":"https:\/\/alfanouseg.com\/fr\/product\/torrefacteur-a-cafe-entierement-automatique-capacite-de-15-kg\/","title":{"rendered":"Torr\u00e9facteur \u00e0 caf\u00e9 enti\u00e8rement automatique \u2013 capacit\u00e9 de 5 kg"},"content":{"rendered":"<div data-elementor-type=\"wp-post\" data-elementor-id=\"7614\" class=\"elementor elementor-7614\" data-elementor-post-type=\"product\">\n\t\t\t\t<div class=\"aux-parallax-section elementor-element elementor-element-4f13bc8 e-flex e-con-boxed e-con e-parent\" data-id=\"4f13bc8\" data-element_type=\"container\" data-e-type=\"container\">\n\t\t\t\t\t<div class=\"e-con-inner\">\n\t\t\t\t<div class=\"elementor-element elementor-element-3a800043 elementor-widget elementor-widget-text-editor\" data-id=\"3a800043\" data-element_type=\"widget\" data-e-type=\"widget\" data-widget_type=\"text-editor.default\">\n\t\t\t\t<div class=\"elementor-widget-container\">\n\t\t\t\t\t\t\t\t\t<h2 style=\"text-align: right;\" data-start=\"210\" data-end=\"226\"><span style=\"font-family: dgshamael-light;\">Description g\u00e9n\u00e9rale<\/span><\/h2><p style=\"text-align: right;\" data-start=\"121\" data-end=\"321\"><span style=\"font-family: dgshamael-light;\">Un torr\u00e9facteur professionnel enti\u00e8rement automatique avec options de commande manuelle, con\u00e7u pour les petites et moyennes entreprises, offrant une grande flexibilit\u00e9 et les derni\u00e8res technologies de torr\u00e9faction pour obtenir des r\u00e9sultats optimaux tout en maintenant les plus hauts niveaux de s\u00e9curit\u00e9 et d&#039;efficacit\u00e9.<\/span><\/p><hr data-start=\"638\" data-end=\"641\" \/><h2 style=\"text-align: right;\" data-start=\"643\" data-end=\"664\"><span style=\"font-family: dgshamael-light;\">Sp\u00e9cifications techniques<\/span><\/h2><p style=\"text-align: right;\" data-start=\"347\" data-end=\"526\"><span style=\"font-family: dgshamael-light;\">Capacit\u00e9 de torr\u00e9faction : 5 kg par lot<\/span><br data-start=\"373\" data-end=\"376\" \/><span style=\"font-family: dgshamael-light;\">Capacit\u00e9 de production : 20 kg par heure<\/span><br data-start=\"409\" data-end=\"412\" \/><span style=\"font-family: dgshamael-light;\">Le temps de torr\u00e9faction est de 10 \u00e0 15 minutes.<\/span><br data-start=\"442\" data-end=\"445\" \/><span style=\"font-family: dgshamael-light;\">\u00c9cran tactile de 7 pouces avec commande logicielle<\/span><br data-start=\"477\" data-end=\"480\" \/><span style=\"font-family: dgshamael-light;\">Alimentation requise\u00a0: 220 volts \u00e0 une fr\u00e9quence de 50 ou 60 Hz<\/span><\/p><hr data-start=\"950\" data-end=\"953\" \/><h2 style=\"text-align: right;\" data-start=\"955\" data-end=\"976\"><span style=\"font-family: dgshamael-light;\">Composants et performances<\/span><\/h2><p style=\"text-align: right;\" data-start=\"977\" data-end=\"1256\"><span style=\"font-family: dgshamael-light;\">Quatre moteurs de fabrication turque avec deux ventilateurs<\/span><br data-start=\"587\" data-end=\"590\" \/><span style=\"font-family: dgshamael-light;\">Il fonctionne au gaz naturel, au propane ou au gaz de p\u00e9trole liqu\u00e9fi\u00e9 (GPL).<\/span><br data-start=\"637\" data-end=\"640\" \/><span style=\"font-family: dgshamael-light;\">R\u00e9guler la vitesse du moteur<\/span><br data-start=\"661\" data-end=\"664\" \/><span style=\"font-family: dgshamael-light;\">Un port de connexion compatible avec les logiciels de surveillance de la torr\u00e9faction.<\/span><br data-start=\"705\" data-end=\"708\" \/><span style=\"font-family: dgshamael-light;\">Plateau de refroidissement robuste avec collecteur de paille externe<\/span><br data-start=\"741\" data-end=\"744\" \/><span style=\"font-family: dgshamael-light;\">Mat\u00e9riaux de haute qualit\u00e9 avec options de couleurs personnalis\u00e9es<\/span><\/p><hr data-start=\"1258\" data-end=\"1261\" \/><h2 style=\"text-align: right;\" data-start=\"1263\" data-end=\"1281\"><span style=\"font-family: dgshamael-light;\">Fonctionnalit\u00e9s suppl\u00e9mentaires<\/span><\/h2><p style=\"text-align: right;\" data-start=\"1282\" data-end=\"1442\"><span style=\"font-family: dgshamael-light;\">Plusieurs options de couleur<\/span><br data-start=\"1301\" data-end=\"1304\" \/><span style=\"font-family: dgshamael-light;\">Rev\u00eatement ext\u00e9rieur en acier inoxydable en option<\/span><br data-start=\"1348\" data-end=\"1351\" \/><span style=\"font-family: dgshamael-light;\">Le fonctionnement silencieux met en valeur le cr\u00e9pitement du grain.<\/span><br data-start=\"1383\" data-end=\"1386\" \/><span style=\"font-family: dgshamael-light;\">Garantie de deux ans<\/span><br data-start=\"1401\" data-end=\"1404\" \/><span style=\"font-family: dgshamael-light;\">Guide d&#039;utilisation simplifi\u00e9<\/span><br data-start=\"1419\" data-end=\"1422\" \/><span style=\"font-family: dgshamael-light;\">certificats de qualit\u00e9 certifi\u00e9s<\/span><\/p>\t\t\t\t\t\t\t\t<\/div>\n\t\t\t\t<\/div>\n\t\t\t\t\t<\/div>\n\t\t\t\t<\/div>\n\t\t\t\t<\/div>","protected":false},"excerpt":{"rendered":"<p data-start=\"153\" data-end=\"280\">Un torr\u00e9facteur haute performance dot\u00e9 d&#039;un \u00e9cran tactile et d&#039;une fonction de commande manuelle, offrant une grande pr\u00e9cision et un contr\u00f4le total du processus de torr\u00e9faction gr\u00e2ce \u00e0 un syst\u00e8me de s\u00e9curit\u00e9 int\u00e9gr\u00e9.<\/p>\n<p data-start=\"282\" data-end=\"446\"><strong data-start=\"282\" data-end=\"296\">Caract\u00e9ristiques:<\/strong><br data-start=\"296\" data-end=\"299\" \/>Capacit\u00e9 60 kg par lot \u2013 Productivit\u00e9 jusqu&#039;\u00e0 180 kg\/heure \u2013 Temps de torr\u00e9faction 10-15 minutes \u2013 Fonctionne au gaz ou \u00e0 l&#039;\u00e9lectricit\u00e9 \u2013 Cylindre \u00e0 double paroi \u2013 Port de torr\u00e9faction de suivi.<\/p>\n<p data-start=\"448\" data-end=\"535\"><strong data-start=\"448\" data-end=\"461\">Caract\u00e9ristiques:<\/strong><br data-start=\"461\" data-end=\"464\" \/>Conception robuste \u2013 Choix de couleurs \u2013 Fonctionnement silencieux \u2013 Garantie de deux ans \u2013 Maintenance et assistance technique.<\/p>","protected":false},"featured_media":7630,"template":"","meta":[],"product_brand":[],"product_cat":[91],"product_tag":[],"class_list":{"0":"post-7614","1":"product","2":"type-product","3":"status-publish","4":"has-post-thumbnail","6":"product_cat-coffee-roasters--","8":"first","9":"instock","10":"shipping-taxable","11":"purchasable","12":"product-type-simple"},"_links":{"self":[{"href":"https:\/\/alfanouseg.com\/fr\/wp-json\/wp\/v2\/product\/7614","targetHints":{"allow":["GET"]}}],"collection":[{"href":"https:\/\/alfanouseg.com\/fr\/wp-json\/wp\/v2\/product"}],"about":[{"href":"https:\/\/alfanouseg.com\/fr\/wp-json\/wp\/v2\/types\/product"}],"version-history":[{"count":5,"href":"https:\/\/alfanouseg.com\/fr\/wp-json\/wp\/v2\/product\/7614\/revisions"}],"predecessor-version":[{"id":7621,"href":"https:\/\/alfanouseg.com\/fr\/wp-json\/wp\/v2\/product\/7614\/revisions\/7621"}],"wp:featuredmedia":[{"embeddable":true,"href":"https:\/\/alfanouseg.com\/fr\/wp-json\/wp\/v2\/media\/7630"}],"wp:attachment":[{"href":"https:\/\/alfanouseg.com\/fr\/wp-json\/wp\/v2\/media?parent=7614"}],"wp:term":[{"taxonomy":"product_brand","embeddable":true,"href":"https:\/\/alfanouseg.com\/fr\/wp-json\/wp\/v2\/product_brand?post=7614"},{"taxonomy":"product_cat","embeddable":true,"href":"https:\/\/alfanouseg.com\/fr\/wp-json\/wp\/v2\/product_cat?post=7614"},{"taxonomy":"product_tag","embeddable":true,"href":"https:\/\/alfanouseg.com\/fr\/wp-json\/wp\/v2\/product_tag?post=7614"}],"curies":[{"name":"wp","href":"https:\/\/api.w.org\/{rel}","templated":true}]}}