{"id":7622,"date":"2025-08-12T15:07:24","date_gmt":"2025-08-12T15:07:24","guid":{"rendered":"https:\/\/alfanouseg.com\/product\/%d9%85%d8%ad%d9%85%d8%b5%d8%a9-%d9%82%d9%87%d9%88%d8%a9-%d8%a3%d9%88%d8%aa%d9%88%d9%85%d8%a7%d8%aa%d9%8a%d9%83%d9%8a%d8%a9%d8%a8%d8%a7%d9%84%d9%83%d8%a7%d9%85%d9%84-%d8%b3%d8%b9%d8%a9-5\/"},"modified":"2025-08-12T15:15:42","modified_gmt":"2025-08-12T15:15:42","slug":"torrefacteur-a-cafe-entierement-automatique-capacite-de-5-kg","status":"publish","type":"product","link":"https:\/\/alfanouseg.com\/fr\/product\/torrefacteur-a-cafe-entierement-automatique-capacite-de-5-kg\/","title":{"rendered":"Torr\u00e9facteur \u00e0 caf\u00e9 enti\u00e8rement automatique \u2013 capacit\u00e9 de 2 kg"},"content":{"rendered":"<div data-elementor-type=\"wp-post\" data-elementor-id=\"7622\" class=\"elementor elementor-7622\" data-elementor-post-type=\"product\">\n\t\t\t\t<div class=\"aux-parallax-section elementor-element elementor-element-4f13bc8 e-flex e-con-boxed e-con e-parent\" data-id=\"4f13bc8\" data-element_type=\"container\" data-e-type=\"container\">\n\t\t\t\t\t<div class=\"e-con-inner\">\n\t\t\t\t<div class=\"elementor-element elementor-element-3a800043 elementor-widget elementor-widget-text-editor\" data-id=\"3a800043\" data-element_type=\"widget\" data-e-type=\"widget\" data-widget_type=\"text-editor.default\">\n\t\t\t\t<div class=\"elementor-widget-container\">\n\t\t\t\t\t\t\t\t\t<h2 style=\"text-align: right;\" data-start=\"210\" data-end=\"226\"><span style=\"font-family: dgshamael-light;\">Description g\u00e9n\u00e9rale<\/span><\/h2><p style=\"text-align: right;\" data-start=\"121\" data-end=\"360\"><span style=\"font-family: dgshamael-light;\">Ce torr\u00e9facteur \u00e0 caf\u00e9 enti\u00e8rement automatique de petite capacit\u00e9 est id\u00e9al pour torr\u00e9fier efficacement et avec pr\u00e9cision de petites quantit\u00e9s. Il est dot\u00e9 de la technologie de torr\u00e9faction \u00e0 chaleur directe, de moteurs turcs avec deux ventilateurs pour une r\u00e9partition homog\u00e8ne de la chaleur, d&#039;une vue d\u00e9gag\u00e9e sur le processus de torr\u00e9faction et d&#039;un plateau de refroidissement robuste pour un nettoyage facile.<\/span><\/p><hr data-start=\"638\" data-end=\"641\" \/><h2 style=\"text-align: right;\" data-start=\"643\" data-end=\"664\"><span style=\"font-family: dgshamael-light;\">Sp\u00e9cifications techniques<\/span><\/h2><p style=\"text-align: right;\" data-start=\"386\" data-end=\"613\"><span style=\"font-family: dgshamael-light;\">Capacit\u00e9 de torr\u00e9faction : 2 kg par lot<\/span><br data-start=\"412\" data-end=\"415\" \/><span style=\"font-family: dgshamael-light;\">La capacit\u00e9 de production est de 8 \u00e0 10 kg par heure<\/span><br data-start=\"457\" data-end=\"460\" \/><span style=\"font-family: dgshamael-light;\">Le temps de torr\u00e9faction est de 10 \u00e0 15 minutes.<\/span><br data-start=\"490\" data-end=\"493\" \/><span style=\"font-family: dgshamael-light;\">Alimentation requise\u00a0: 220 volts \u00e0 une fr\u00e9quence de 50 ou 60 Hz<\/span><br data-start=\"537\" data-end=\"540\" \/><span style=\"font-family: dgshamael-light;\">Cylindre \u00e0 double paroi en acier \u00e0 faible teneur en carbone<\/span><br data-start=\"586\" data-end=\"589\" \/><span style=\"font-family: dgshamael-light;\">Syst\u00e8me de torr\u00e9faction thermique directe<\/span><\/p><hr data-start=\"950\" data-end=\"953\" \/><h2 style=\"text-align: right;\" data-start=\"955\" data-end=\"976\"><span style=\"font-family: dgshamael-light;\">Composants et performances<\/span><\/h2><p style=\"text-align: right;\" data-start=\"639\" data-end=\"819\"><span style=\"font-family: dgshamael-light;\">Quatre moteurs de fabrication turque avec deux ventilateurs pour assurer une torr\u00e9faction \u00e9quilibr\u00e9e<\/span><br data-start=\"693\" data-end=\"696\" \/><span style=\"font-family: dgshamael-light;\">Il fonctionne gr\u00e2ce \u00e0 un radiateur \u00e9lectrique<\/span><br data-start=\"722\" data-end=\"725\" \/><span style=\"font-family: dgshamael-light;\">Cuill\u00e8re \u00e9chantillon et fen\u00eatre d&#039;observation transparente<\/span><br data-start=\"754\" data-end=\"757\" \/><span style=\"font-family: dgshamael-light;\">Plateau de refroidissement puissant avec ventilateur<\/span><br data-start=\"786\" data-end=\"789\" \/><span style=\"font-family: dgshamael-light;\">Collecteur de paille ext\u00e9rieur pour un nettoyage facile<\/span><\/p><hr data-start=\"1258\" data-end=\"1261\" \/><h2 style=\"text-align: right;\" data-start=\"1263\" data-end=\"1281\"><span style=\"font-family: dgshamael-light;\">Fonctionnalit\u00e9s suppl\u00e9mentaires<\/span><\/h2><p style=\"text-align: right;\" data-start=\"1282\" data-end=\"1442\"><span style=\"font-family: dgshamael-light;\">Plusieurs options de couleur<\/span><br data-start=\"1301\" data-end=\"1304\" \/><span style=\"font-family: dgshamael-light;\">Rev\u00eatement ext\u00e9rieur en acier inoxydable en option<\/span><br data-start=\"1348\" data-end=\"1351\" \/><span style=\"font-family: dgshamael-light;\">Le fonctionnement silencieux met en valeur le cr\u00e9pitement du grain.<\/span><br data-start=\"1383\" data-end=\"1386\" \/><span style=\"font-family: dgshamael-light;\">Garantie de deux ans<\/span><br data-start=\"1401\" data-end=\"1404\" \/><span style=\"font-family: dgshamael-light;\">Guide d&#039;utilisation simplifi\u00e9<\/span><br data-start=\"1419\" data-end=\"1422\" \/><span style=\"font-family: dgshamael-light;\">certificats de qualit\u00e9 certifi\u00e9s<\/span><\/p>\t\t\t\t\t\t\t\t<\/div>\n\t\t\t\t<\/div>\n\t\t\t\t\t<\/div>\n\t\t\t\t<\/div>\n\t\t\t\t<\/div>","protected":false},"excerpt":{"rendered":"<p data-start=\"153\" data-end=\"280\">Un torr\u00e9facteur haute performance dot\u00e9 d&#039;un \u00e9cran tactile et d&#039;une fonction de commande manuelle, offrant une grande pr\u00e9cision et un contr\u00f4le total du processus de torr\u00e9faction gr\u00e2ce \u00e0 un syst\u00e8me de s\u00e9curit\u00e9 int\u00e9gr\u00e9.<\/p>\n<p data-start=\"282\" data-end=\"446\"><strong data-start=\"282\" data-end=\"296\">Caract\u00e9ristiques:<\/strong><br data-start=\"296\" data-end=\"299\" \/>Capacit\u00e9 60 kg par lot \u2013 Productivit\u00e9 jusqu&#039;\u00e0 180 kg\/heure \u2013 Temps de torr\u00e9faction 10-15 minutes \u2013 Fonctionne au gaz ou \u00e0 l&#039;\u00e9lectricit\u00e9 \u2013 Cylindre \u00e0 double paroi \u2013 Port de torr\u00e9faction de suivi.<\/p>\n<p data-start=\"448\" data-end=\"535\"><strong data-start=\"448\" data-end=\"461\">Caract\u00e9ristiques:<\/strong><br data-start=\"461\" data-end=\"464\" \/>Conception robuste \u2013 Choix de couleurs \u2013 Fonctionnement silencieux \u2013 Garantie de deux ans \u2013 Maintenance et assistance technique.<\/p>","protected":false},"featured_media":7637,"template":"","meta":[],"product_brand":[],"product_cat":[91],"product_tag":[],"class_list":{"0":"post-7622","1":"product","2":"type-product","3":"status-publish","4":"has-post-thumbnail","6":"product_cat-coffee-roasters--","8":"first","9":"instock","10":"shipping-taxable","11":"purchasable","12":"product-type-simple"},"_links":{"self":[{"href":"https:\/\/alfanouseg.com\/fr\/wp-json\/wp\/v2\/product\/7622","targetHints":{"allow":["GET"]}}],"collection":[{"href":"https:\/\/alfanouseg.com\/fr\/wp-json\/wp\/v2\/product"}],"about":[{"href":"https:\/\/alfanouseg.com\/fr\/wp-json\/wp\/v2\/types\/product"}],"version-history":[{"count":4,"href":"https:\/\/alfanouseg.com\/fr\/wp-json\/wp\/v2\/product\/7622\/revisions"}],"predecessor-version":[{"id":7627,"href":"https:\/\/alfanouseg.com\/fr\/wp-json\/wp\/v2\/product\/7622\/revisions\/7627"}],"wp:featuredmedia":[{"embeddable":true,"href":"https:\/\/alfanouseg.com\/fr\/wp-json\/wp\/v2\/media\/7637"}],"wp:attachment":[{"href":"https:\/\/alfanouseg.com\/fr\/wp-json\/wp\/v2\/media?parent=7622"}],"wp:term":[{"taxonomy":"product_brand","embeddable":true,"href":"https:\/\/alfanouseg.com\/fr\/wp-json\/wp\/v2\/product_brand?post=7622"},{"taxonomy":"product_cat","embeddable":true,"href":"https:\/\/alfanouseg.com\/fr\/wp-json\/wp\/v2\/product_cat?post=7622"},{"taxonomy":"product_tag","embeddable":true,"href":"https:\/\/alfanouseg.com\/fr\/wp-json\/wp\/v2\/product_tag?post=7622"}],"curies":[{"name":"wp","href":"https:\/\/api.w.org\/{rel}","templated":true}]}}