{"id":7638,"date":"2025-08-13T11:53:33","date_gmt":"2025-08-13T11:53:33","guid":{"rendered":"https:\/\/alfanouseg.com\/product\/%d9%85%d8%ad%d9%85%d8%b5%d8%a9-%d9%82%d9%87%d9%88%d8%a9-%d8%a3%d9%88%d8%aa%d9%88%d9%85%d8%a7%d8%aa%d9%8a%d9%83%d9%8a%d8%a9%d8%a8%d8%a7%d9%84%d9%83%d8%a7%d9%85%d9%84-%d8%b3%d8%b9%d8%a9-2\/"},"modified":"2025-08-13T16:29:39","modified_gmt":"2025-08-13T16:29:39","slug":"torrefacteur-a-cafe-entierement-automatique-capacite-de-2-kg","status":"publish","type":"product","link":"https:\/\/alfanouseg.com\/fr\/product\/torrefacteur-a-cafe-entierement-automatique-capacite-de-2-kg\/","title":{"rendered":"Moulin \u00e0 caf\u00e9 de 26,7 cm (10,5 pouces)"},"content":{"rendered":"<div data-elementor-type=\"wp-post\" data-elementor-id=\"7638\" class=\"elementor elementor-7638\" data-elementor-post-type=\"product\">\n\t\t\t\t<div class=\"aux-parallax-section elementor-element elementor-element-4f13bc8 e-flex e-con-boxed e-con e-parent\" data-id=\"4f13bc8\" data-element_type=\"container\" data-e-type=\"container\">\n\t\t\t\t\t<div class=\"e-con-inner\">\n\t\t\t\t<div class=\"elementor-element elementor-element-3a800043 elementor-widget elementor-widget-text-editor\" data-id=\"3a800043\" data-element_type=\"widget\" data-e-type=\"widget\" data-widget_type=\"text-editor.default\">\n\t\t\t\t<div class=\"elementor-widget-container\">\n\t\t\t\t\t\t\t\t\t<h2 style=\"text-align: right;\" data-start=\"210\" data-end=\"226\"><span style=\"font-family: dgshamael-light;\">Description g\u00e9n\u00e9rale<\/span><\/h2><p style=\"text-align: right;\" data-start=\"121\" data-end=\"360\"><span style=\"font-family: dgshamael-light;\">Un moulin \u00e0 caf\u00e9 professionnel offrant une performance de mouture sup\u00e9rieure et une grande durabilit\u00e9, con\u00e7u pour r\u00e9pondre aux besoins des caf\u00e9s, restaurants et torr\u00e9facteurs. Il est dot\u00e9 de composants de haute qualit\u00e9 pour garantir des r\u00e9sultats parfaits et une longue dur\u00e9e de vie.<\/span><\/p><hr data-start=\"638\" data-end=\"641\" \/><h2 style=\"text-align: right;\" data-start=\"643\" data-end=\"664\"><span style=\"font-family: dgshamael-light;\">Sp\u00e9cifications techniques<\/span><\/h2><p style=\"text-align: right;\"><span style=\"font-family: dgshamael-light;\">Capacit\u00e9 de broyage de 90 \u00e0 100 kg par heure<\/span><br data-start=\"371\" data-end=\"374\" \/><span style=\"font-family: dgshamael-light;\">Moteur de 4 chevaux \u2013 Alimentation \u00e9lectrique 220 V<\/span><br data-start=\"413\" data-end=\"416\" \/><span style=\"font-family: dgshamael-light;\">Con\u00e7u avec un rev\u00eatement thermiquement isolant pour r\u00e9sister aux facteurs externes<\/span><br data-start=\"470\" data-end=\"473\" \/><span style=\"font-family: dgshamael-light;\">Garantie de deux ans contre les d\u00e9fauts de fabrication<\/span><br data-start=\"506\" data-end=\"509\" \/><span style=\"font-family: dgshamael-light;\">Des pi\u00e8ces de rechange d&#039;origine sont disponibles.<\/span><\/p><hr data-start=\"950\" data-end=\"953\" \/><h2 style=\"text-align: right;\" data-start=\"955\" data-end=\"976\"><span style=\"font-family: dgshamael-light;\">Accessoires<\/span><\/h2><p style=\"text-align: right;\" data-start=\"639\" data-end=\"819\"><span style=\"font-family: dgshamael-light;\">casserole en acier inoxydable<\/span><br data-start=\"536\" data-end=\"539\" \/><span style=\"font-family: dgshamael-light;\">La cl\u00e9 de la blague est huil\u00e9e.<\/span><br data-start=\"556\" data-end=\"559\" \/><span style=\"font-family: dgshamael-light;\">Ensemble de pierres d&#039;\u00e9peron massif d&#039;origine<\/span><br data-start=\"582\" data-end=\"585\" \/><span style=\"font-family: dgshamael-light;\">Catalogue de moulins<\/span><br data-start=\"599\" data-end=\"602\" \/><span style=\"font-family: dgshamael-light;\">Service apr\u00e8s-vente<\/span><\/p><hr data-start=\"1258\" data-end=\"1261\" \/><h2 style=\"text-align: right;\" data-start=\"1263\" data-end=\"1281\"><span style=\"font-family: dgshamael-light;\">Fonctionnalit\u00e9s suppl\u00e9mentaires<\/span><\/h2><p style=\"text-align: right;\" data-start=\"639\" data-end=\"741\"><span style=\"font-family: dgshamael-light;\">Service de livraison gratuit avec technicien d&#039;installation<\/span><br data-start=\"673\" data-end=\"676\" \/><span style=\"font-family: dgshamael-light;\">Maintenance disponible dans tous les gouvernorats<\/span><br data-start=\"706\" data-end=\"709\" \/><span style=\"font-family: dgshamael-light;\">Qualit\u00e9 de broyage \u00e9lev\u00e9e et performances constantes<\/span><\/p><p style=\"text-align: right;\" data-start=\"748\" data-end=\"811\" data-is-last-node=\"\" data-is-only-node=\"\">\u00a0<\/p>\t\t\t\t\t\t\t\t<\/div>\n\t\t\t\t<\/div>\n\t\t\t\t\t<\/div>\n\t\t\t\t<\/div>\n\t\t\t\t<\/div>","protected":false},"excerpt":{"rendered":"<p data-start=\"153\" data-end=\"280\">Un torr\u00e9facteur haute performance dot\u00e9 d&#039;un \u00e9cran tactile et d&#039;une fonction de commande manuelle, offrant une grande pr\u00e9cision et un contr\u00f4le total du processus de torr\u00e9faction gr\u00e2ce \u00e0 un syst\u00e8me de s\u00e9curit\u00e9 int\u00e9gr\u00e9.<\/p>\n<p data-start=\"282\" data-end=\"446\"><strong data-start=\"282\" data-end=\"296\">Caract\u00e9ristiques:<\/strong><br data-start=\"296\" data-end=\"299\" \/>Capacit\u00e9 60 kg par lot \u2013 Productivit\u00e9 jusqu&#039;\u00e0 180 kg\/heure \u2013 Temps de torr\u00e9faction 10-15 minutes \u2013 Fonctionne au gaz ou \u00e0 l&#039;\u00e9lectricit\u00e9 \u2013 Cylindre \u00e0 double paroi \u2013 Port de torr\u00e9faction de suivi.<\/p>\n<p data-start=\"448\" data-end=\"535\"><strong data-start=\"448\" data-end=\"461\">Caract\u00e9ristiques:<\/strong><br data-start=\"461\" data-end=\"464\" \/>Conception robuste \u2013 Choix de couleurs \u2013 Fonctionnement silencieux \u2013 Garantie de deux ans \u2013 Maintenance et assistance technique.<\/p>","protected":false},"featured_media":7639,"template":"","meta":[],"product_brand":[],"product_cat":[92],"product_tag":[],"class_list":{"0":"post-7638","1":"product","2":"type-product","3":"status-publish","4":"has-post-thumbnail","6":"product_cat-coffee-grinder--","8":"first","9":"instock","10":"shipping-taxable","11":"purchasable","12":"product-type-simple"},"_links":{"self":[{"href":"https:\/\/alfanouseg.com\/fr\/wp-json\/wp\/v2\/product\/7638","targetHints":{"allow":["GET"]}}],"collection":[{"href":"https:\/\/alfanouseg.com\/fr\/wp-json\/wp\/v2\/product"}],"about":[{"href":"https:\/\/alfanouseg.com\/fr\/wp-json\/wp\/v2\/types\/product"}],"version-history":[{"count":8,"href":"https:\/\/alfanouseg.com\/fr\/wp-json\/wp\/v2\/product\/7638\/revisions"}],"predecessor-version":[{"id":7666,"href":"https:\/\/alfanouseg.com\/fr\/wp-json\/wp\/v2\/product\/7638\/revisions\/7666"}],"wp:featuredmedia":[{"embeddable":true,"href":"https:\/\/alfanouseg.com\/fr\/wp-json\/wp\/v2\/media\/7639"}],"wp:attachment":[{"href":"https:\/\/alfanouseg.com\/fr\/wp-json\/wp\/v2\/media?parent=7638"}],"wp:term":[{"taxonomy":"product_brand","embeddable":true,"href":"https:\/\/alfanouseg.com\/fr\/wp-json\/wp\/v2\/product_brand?post=7638"},{"taxonomy":"product_cat","embeddable":true,"href":"https:\/\/alfanouseg.com\/fr\/wp-json\/wp\/v2\/product_cat?post=7638"},{"taxonomy":"product_tag","embeddable":true,"href":"https:\/\/alfanouseg.com\/fr\/wp-json\/wp\/v2\/product_tag?post=7638"}],"curies":[{"name":"wp","href":"https:\/\/api.w.org\/{rel}","templated":true}]}}